{"id":191,"date":"2019-07-23T18:29:16","date_gmt":"2019-07-23T16:29:16","guid":{"rendered":"https:\/\/pyracanda.de\/?p=191"},"modified":"2024-11-27T21:42:31","modified_gmt":"2024-11-27T19:42:31","slug":"impressum","status":"publish","type":"page","link":"https:\/\/pyracanda.de\/?page_id=191","title":{"rendered":"Impressum"},"content":{"rendered":"\n<p>Pyracanda, c\/o Dennis Vaupel, info@pyracanda.de<\/p>\n\n\n\n<p>Cooperation ILEX-GREIZZT<\/p>\n\n\n\n<p class=\"has-text-align-center\"><strong>Haftungshinweis<\/strong><\/p>\n\n\n\n<p><strong>Der Zugriff auf diese Webseite sowie die Nutzung dieser Webseite\nunterliegen den nachstehenden Nutzungsbedingungen, sowie den einschl\u00e4gigen\nGesetzen und Verordnungen. Durch und mit Zugriff und\/oder Nutzung dieser\nWebseite erkl\u00e4rt der Nutzer sich ohne Einschr\u00e4nkung oder Ab\u00e4nderung mit den\nnachstehenden Nutzungsbedingungen einverstanden.<\/strong><\/p>\n\n\n\n<p>Soweit\nnicht anders angegeben, sind die Inhalte dieser Webseite &#8211; einschlie\u00dflich,\njedoch nicht beschr\u00e4nkt auf den Text, die enthaltenen Bilder und die Anordnung\nderselben &#8211; Eigentum von Pyracanda. Das gilt nicht f\u00fcr Inhalte Dritter, auf die\nggfs. durch Links verwiesen wird. Die Urheberrechte an diesen liegen im Zweifel\nbei den Inhabern der durch Link verbundenen Webseite. Alle mit Warenzeichen-,\nServicezeichen- oder sonstigen Schutzrechtsvermerken gekennzeichneten Inhalte,\ndie in dieser Webseite verwendet werden oder auf die verwiesen wird, stehen im\nEigentum ihrer jeweiligen Rechtsinhaber.<\/p>\n\n\n\n<p>Der\nInhalt dieser Webseite kann in keiner Weise so ausgelegt werden, dass dadurch\nstillschweigend, durch Rechtsverwirkung oder auf sonstige Weise eine Lizenz\nbeziehungsweise der Titel an einem Urheberrecht, Patent, Warenzeichen oder\nsonstigem Schutzrecht der Pyracanda oder einer dritten Partei \u00fcbertragen w\u00fcrde.<\/p>\n\n\n\n<p>Ohne\ndie vorherige schriftliche Zustimmung von Pyracanda d\u00fcrfen weder diese\nWebseite, noch der darin zur Verf\u00fcgung gestellte Inhalt (insbesondere auch\ngrafische Abbildungen, Audio &#8211; und Videosequenzen, Buttons und Text) kopiert,\nnachgedruckt, ver\u00f6ffentlicht, versandt, \u00fcbertragen oder in irgendeiner sonstigen\nWeise verbreitet oder vertrieben werden. Ausdr\u00fccklich zugelassen ist jedoch die\nHerstellung einer einzelnen Kopie zur ausschlie\u00dflich pers\u00f6nlichen, nicht\nkommerziellen Verwendung durch Herunterladen auf einen PC, einschlie\u00dflich der\ndauerhaften oder tempor\u00e4ren Speicherung auf diesem PC, der Anzeige der Inhalte\nim offline &#8211; Modus und der Herstellung einer Papierkopie von Teilen des\nInhalts. Dies gilt jedoch nur unter der Voraussetzung, dass die Worte und der\nInhalt hierdurch nicht ver\u00e4ndert werden und alle Hinweise auf Urheberrechte,\nPatente, Warenzeichen und sonstigen Schutzrechte auch auf den hergestellten\nKopien enthalten sind oder ein entsprechender Hinweis dort eingef\u00fcgt wird,\nsofern es sich um Ausschnitte handelt.<\/p>\n\n\n\n<p>Sofern\nnicht ausdr\u00fccklich etwas Gegenteiliges erkl\u00e4rt wird, darf sich Pyracanda darauf\nverlassen, dass alle Informationen, die der Nutzer auf dieser Webseite zur\nVerf\u00fcgung stellt, nicht vertraulich oder durch ein Schutzrecht belegt sind. Der\nNutzer erkl\u00e4rt durch die Eingabe von Informationen, dass er rechtm\u00e4\u00dfig befugt\nist, diese Informationen zur Verf\u00fcgung zu stellen. Aufgrund der offenen Natur\ndes Internets empfiehlt die Pyracanda, keine Informationen zur Verf\u00fcgung zu\nstellen, die der Nutzer als vertraulich erachtet.<\/p>\n\n\n\n<p>Die\nInformationen auf dieser Webseite werden kostenlos zur Verf\u00fcgung gestellt. Bei\nden in der Webseite getroffenen Aussagen handelt es sich nicht um eine\nBeratungsleistung der Pyracanda.<\/p>\n\n\n\n<p>Links\nauf dieser Webseite k\u00f6nnen auf Webseiten oder Leistungen verweisen, die nicht\nvon Pyracanda betrieben werden. Pyracanda macht keine Aussage \u00fcber diese und\nsteht in keiner Weise f\u00fcr die Leistungen oder Produkte Dritter, beziehungsweise\ndie auf deren Webseite enthaltenen Inhalte ein. Ein Verweis auf eine andere\nWebseite stellt keine Billigung dieser Webseite oder der darin enthaltenen\nLeistung dar. Die Nutzung der Informationen auf einer solchen Webseite oder der\ndarin angebotenen Leistung erfolgt auf eigenes Risiko des Nutzers.<\/p>\n\n\n\n<p>Anspr\u00fcche,\ninsbesondere f\u00fcr die Eignung zu einem bestimmten Zweck oder die Nichtverletzung\nvon Rechten Dritter, bestehen nicht. Pyracanda haftet, au\u00dfer im Falle von\nVorsatz, in keinem Fall f\u00fcr Sch\u00e4den, die aus oder im Zusammenhang mit der\nNutzung dieser Webseite oder ihrem Inhalt entstehen. Dies gilt ungeachtet der\nKlageform und der Frage, ob dieser Anspruch vertraglich oder au\u00dfervertraglich\nbegr\u00fcndet wird. Unber\u00fchrt bleibt eine Haftung in F\u00e4llen, in denen das\nanwendbare Recht eine Haftung zwingend vorschreibt beziehungsweise eine\nHaftungseinschr\u00e4nkung nicht zul\u00e4sst.<\/p>\n\n\n\n<p>Pyracanda\nbetreibt diese Webseite aus Deutschland heraus. Sie ist ausschlie\u00dflich\nausgerichtet auf den deutschen Markt. Der Nutzer erkl\u00e4rt sich damit\neinverstanden, dass die vorstehenden Nutzungsbedingungen sowie alle rechtlichen\nMa\u00dfnahmen und Verfahren im Zusammenhang mit dieser Webseite ausschlie\u00dflich den\nGesetzen der Bundesrepublik Deutschland unterliegen. Der Nutzer ist daf\u00fcr\nverantwortlich, dass die Rechtsnormen des Territoriums, von dem aus er auf die\nWebseite zugreift, befolgt werden. Er versichert, dass ein Zugriff auf diese\nWebseite beziehungsweise die Nutzung der darin enthaltenen Informationen durch\nihn keine geltenden Rechtsnormen verletzt.<\/p>\n\n\n\n<p>Die\nim Zusammenhang mit der Nutzung der Webseite anfallenden Daten werden\nautomatisiert gespeichert, verarbeitet und lediglich im Rahmen der\nZweckbestimmung verwandt. Eine Weitergabe an Dritte erfolgt nicht.<\/p>\n\n\n\n<p class=\"has-cyan-bluish-gray-color has-text-color has-link-color has-small-font-size wp-elements-269124b6e917789722d49ba0f5518132\"><a href=\"mailto:dennis@pyracanda.de\">dennis@pyracanda.de<\/a><\/p>\n\n\n\n<p><\/p>\n","protected":false},"excerpt":{"rendered":"<div class=\"mh-excerpt\"><p>Pyracanda, c\/o Dennis Vaupel, info@pyracanda.de Cooperation ILEX-GREIZZT Haftungshinweis Der Zugriff auf diese Webseite sowie die Nutzung dieser Webseite unterliegen den nachstehenden Nutzungsbedingungen, sowie den einschl\u00e4gigen <a class=\"mh-excerpt-more\" href=\"https:\/\/pyracanda.de\/?page_id=191\" title=\"Impressum\">[&#8230;]<\/a><\/p>\n<\/div>","protected":false},"author":1,"featured_media":0,"parent":0,"menu_order":0,"comment_status":"closed","ping_status":"closed","template":"templates\/no-sidebar.php","meta":{"footnotes":""},"class_list":["post-191","page","type-page","status-publish","hentry"],"_links":{"self":[{"href":"https:\/\/pyracanda.de\/index.php?rest_route=\/wp\/v2\/pages\/191","targetHints":{"allow":["GET"]}}],"collection":[{"href":"https:\/\/pyracanda.de\/index.php?rest_route=\/wp\/v2\/pages"}],"about":[{"href":"https:\/\/pyracanda.de\/index.php?rest_route=\/wp\/v2\/types\/page"}],"author":[{"embeddable":true,"href":"https:\/\/pyracanda.de\/index.php?rest_route=\/wp\/v2\/users\/1"}],"replies":[{"embeddable":true,"href":"https:\/\/pyracanda.de\/index.php?rest_route=%2Fwp%2Fv2%2Fcomments&post=191"}],"version-history":[{"count":8,"href":"https:\/\/pyracanda.de\/index.php?rest_route=\/wp\/v2\/pages\/191\/revisions"}],"predecessor-version":[{"id":556,"href":"https:\/\/pyracanda.de\/index.php?rest_route=\/wp\/v2\/pages\/191\/revisions\/556"}],"wp:attachment":[{"href":"https:\/\/pyracanda.de\/index.php?rest_route=%2Fwp%2Fv2%2Fmedia&parent=191"}],"curies":[{"name":"wp","href":"https:\/\/api.w.org\/{rel}","templated":true}]}}