{"id":1,"date":"2019-12-18T11:30:21","date_gmt":"2019-12-18T09:30:21","guid":{"rendered":"http:\/\/pyracanda.de\/?p=1"},"modified":"2024-12-03T13:51:19","modified_gmt":"2024-12-03T11:51:19","slug":"steckbrief-pyracanda","status":"publish","type":"page","link":"https:\/\/pyracanda.de\/?page_id=1","title":{"rendered":"History"},"content":{"rendered":"<div id=\"u_0_21\" class=\"_5aj7 _3-8j\">\n<div class=\"_4bl9\">\n<div class=\"_3-8w\">\n<div>\n<p>Originally founded in 1987, Pyracanda hit the scene with their debut album \u201eTwo Sides Of A Coin\u201c in 1990 \u2013 an explosive mix of high density speed metal &amp; strong melodies. Produced by Armin Sabol (i.a. Rage and Sinner). Influenced by the New Wave Of British Heavy Metal and early Metallica, singer Hansi Nefen, the guitarists Sven Fischer &amp; Dennis Vaupel, bassist Dieter Wittbecker and drummer Elmar Gehenzig created a unique blend of furious riffs &amp; lush chord progressions that set them apart from their competitors. Along with labelmates Blind Guardian, Pyracanda was another treasure coming out of the No Remorse Records camp. The follow up album \u201eThorns\u201c \u2013 released in 1992 \u2013 was produced with Mekong Delta mastermind Ralph Hubert and saw Pyracanda adding some progressive rock elements. Both albums feature exceptional cover artwork by renowned artist Joachim Luetke (Kreator, Dimmu Borgir, Arch Enemy, Marilyn Manson, Destruction i.a.). With Gehenzig leaving the band (who was then replaced by Patrick Gr\u00fcn \u2013 now also with Caliban) and Fischer joining the metal institution Rage a year later, things were paused. For a long time.And they came together again. In 2020, Pyracanda announced their reunion, playing the old hits for their loyal fans after all these years and working on new music at the same time. On 10 October 2024, the time has come. After 32 years, the new Pyracanda album \u201eLosing Faith\u201c comes in good old Pyracanda style. It is 100% oldschool composed and recorded. No frills, no drum computers. Everything was composed in the rehearsal room and recorded by hand in the studio. But it doesn\u2019t come across as old-fashioned. It\u2019s real, true and new heavy metal.<\/p>\n<\/div>\n<div><\/div>\n<div>German:<\/div>\n<div id=\"id_5cfb7d372478b0d18713069\" class=\"text_exposed_root text_exposed\">Die Band wurde im Jahr 1987 vom Bassisten Rolf Koch, dem S\u00e4nger Dirk P\u00fctzfeld, dem Schlagzeuger Elmar Gehenzig und den Gitarristen Sven Fischer und Dennis Vaupe<span class=\"text_exposed_show\"><span class=\"text_exposed_show\">l gegr\u00fcndet. Zusammen entwickelten sie die ersten Lieder und ver\u00f6ffentlichten im Folgejahr ihr erstes Demo Welcome to the Crab-Louse-City. Im selben Jahr verlie\u00dfen Koch und P\u00fctzfeld die Band und wurden durch Bassist Dieter Wittbecker und S\u00e4nger Hansi Nefen ersetzt. Durch das Demo wurde No Remorse Records auf die Band aufmerksam und nahm diese unter Vertrag. Im Jahr 1990 wurde bei diesem Label das Deb\u00fctalbum Two Sides of a Coin ver\u00f6ffentlicht, das von Armin Sabol produziert wurde. Im Jahr 1992 folgte mit Thorns das zweite Album. Es erschien bei Aaarrg Records. Noch im selben Jahr benannte sich die Band in Ilex um. Neben Gehenzig, war auch Sven Fischer nicht mehr in der Band vertreten und trat kurz darauf Rage bei.\u00a0<\/span><\/span><\/div>\n<div class=\"text_exposed_root text_exposed\"><span class=\"text_exposed_show\"><span class=\"text_exposed_show\"><br \/>\n1995: <a href=\"https:\/\/pyracanda.de\/?page_id=560\"><strong>G.REIZZT<\/strong><\/a> rekrutieren sich zu drei Vierteln aus den ehemaligen Pyracanda (Hansi Nefen, Dennis Vaupel, Dieter Wittbecker, Patrick Gr\u00fcn) , die nach dem Split unter dem Namen <a href=\"https:\/\/pyracanda.de\/?page_id=560\"><strong>ILEX<\/strong><\/a> zwei respektable Demos ver\u00f6ffentlichten. Auf jenen Demos experimentierten die Koblenzer erstmals mit deutschen Texten und erhielten daraufhin so viele positive Resonanzen, da\u00df sie seitdem komplett auf germanischen Gesang setzen. Und jene Texte passen erfreulicherweise nicht in die beiden g\u00e4ngigen Schubladen, denn sie sind weder gewollt-provokant wie bei ihren Kollegen von Rammstein oder Richthofen, noch geh\u00f6ren sie in die Kategorie der Truppen, die betont intellektuelle Lyrics schreiben. Nein, bei G.REIZZT gibt&#8217;s keine spezielle Message, sondern eine gesunde Mischung aus ernsteren Themen und einer kr\u00e4ftigen Prise Humor. Musikalisch ist auch nicht mehr allzuviel aus den Speed Metal-Zeiten von Pyracanda \u00fcbriggeblieben, daf\u00fcr dominiert ein zeitgem\u00e4\u00dfer, fetter Metal-Sound, der weitestgehend frei von \u00fcberm\u00e4\u00dfig trendigen Zutaten ist und stattdessen auf fetten Riffs und treibenden Grooves basiert. Als grober Vergleich m\u00f6gen vielleicht hier und da die Schweisser herhalten, doch G.REIZZT experimentieren auch in ganz andere Richtungen. Sehr geil ist z.B. die Ideal-Coverversion von &#8218;Blaue Augen&#8216;, und beim Titelst\u00fcck spielt man sogar mit einigen Primus-Versatzst\u00fccken. Zweifellos ein gelungenes Deb\u00fct, das ihr unbedingt mal anchecken solltet!Quelle: Rock Hard<\/span><\/span>Am 19. November 2010 fand die Band, 20 Jahren nach erscheinen des Album Two Sides of a Coin zusammen, um ein einziges Konzert zum Jubil\u00e4um des Albums zu spielen. Der Auftritt fand in Koblenz statt, wobei Metal Inquisitor als Vorband spielte.<br \/>\nWer die Entwicklungen der letzten drei Jahre auf dem deutschen Indie-Metal-Sektor verfolgt hat, dem wird der Untergang des No Remorse-Labels nicht entgangen sein. Blind Guardian, Heavens Gate, Sacrosanct, Lawdy, um nur einige Voll- bzw. Halbbl\u00fcter aus eben diesem Stall zu nennen, geh\u00f6ren wie eben Pyracanda zu jenen Nachwuchsbands, die den Schaden beim Schiffbruch des Labels davontrugen. Drummer Elmar Gehenzig \u00fcbt sich ob der rechtlichen Kleinkr\u00e4merei im Sog der Labelaufl\u00f6sung in allgemeinem Businessverdru\u00df: &#8222;Du kannst die ganzen Leute in einen Sack stecken und draufhauen &#8211; du triffst immer den Richtigen. Da wird gelogen und intrigiert. Ich kann eigentlich manchmal nur Bands beneiden, die mit sowas nichts zu tun haben, die spielen mal hier mal da. Kriegen ihr Bier und ein bi\u00dfchen Kohle und haben ihren Spa\u00df dabei. Dann kommen bei uns diese Idioten, die dich ausnutzen wollen und du mu\u00dft das mit dir machen lassen, weil du einfach keinen Plan hast von dem ganzen Gesch\u00e4ft.&#8220;Schwierig war die Situation der Band nach Erscheinen des Deb\u00fcts, das sich durch originell gemachten Thrash mit \u00fcberdurchschnittlichen Vocals des S\u00e4ngers Hansi Nefen auszeichnete, \u00fcberhaupt eine Tour zustande zu bringen. Zwar erspielte sich die Band einen guten Ruf auf kleinen Clubgigs und einem Supportgig bei U.D.O.; im Herbst 1990 ging es immerhin auf eine \u00d6stereich- und Ungarn-Reise. Trotz dieser ung\u00fcnstigen Basis konnte sich TWO SIDES OF A COIN dennoch soweit behaupten (&#8222;\u201eJeder erz\u00e4hlte was anderes, zum Beispiel was unsere LP-Verk\u00e4ufe anging. Erst bei unserer GEMA-Abrechnung stellten wir ohne Tour fest, da\u00df wir immerhin knapp 10.000 Lps verkauft haben.&#8220;), da\u00df das Interesse bei anderen Labels nicht gering war.Major Records schlie\u00dflich nahmen Pyracanda unter Vertrag und schickten sie mit Produzent Ralph Hubert (u.a. Mekong Delta) ins Studio, um den TWO SIDES OF A COIN-Nachfolger einzuspielen. Das Ergebnis ist der k\u00fcrzlich erschienene Longplayer THORNS, der zwar auch keinen Meilenstein der Thrash-Geschichte darstellt &#8211; wer will sowas heute noch fertig bringen? -, aber immerhin beweist, da\u00df die Koblenzer sich zu den wirkungsvolleren Abw\u00fcrfen teutonischen Thrash-Metals z\u00e4hlen d\u00fcrfen. Dem althergebrachten Image einer Thrash-Combo obliegen sie dabei allerdings nicht; Spa\u00df und Witz hei\u00dft das Motto. Das \u00e4u\u00dfert sich beispielsweise in dem eigenwilligen Pr\u00e4sentieren von Thrash-untypischen Coverversionen im Zugabenteil ihrer Gigs. Von Madonna bis Erste Allgemeine Verunsicherung erscheint somit alles dienlich, um am Schlu\u00df des Konzertes ein verwirrt-erheitertes Publikum zu hinterlassen. &#8222;\u201eTrotz diesem ganzen Business sind wir immer noch lustig drauf und haben unseren Spa\u00df.&#8220; erkl\u00e4rt Elmar. Und Pyracanda wissen die Wertsch\u00e4tzung seitens der Fans offensichtlich zu sch\u00e4tzen, denn der Titel THORNS umgarnt sich mit einer von leichtem Pathos umrankten Metapher: \u201e&#8220;THORNS ist unseren Fans gewidmet, wir sind die Rose, unsere Fans sind die Stacheln, denn ohne Stacheln w\u00e4re die Rose nichts wert: Sie k\u00f6nnte sich nicht wehren.&#8220; Quelle: Metal Hammer<\/div>\n<\/div>\n<\/div>\n<div class=\"_4bl7 _3-99\"><\/div>\n<\/div>\n<div id=\"u_0_23\" class=\"_5aj7 _3-8j\"><\/div>\n","protected":false},"excerpt":{"rendered":"<div class=\"mh-excerpt\"><p>Originally founded in 1987, Pyracanda hit the scene with their debut album \u201eTwo Sides Of A Coin\u201c in 1990 \u2013 an explosive mix of high <a class=\"mh-excerpt-more\" href=\"https:\/\/pyracanda.de\/?page_id=1\" title=\"History\">[&#8230;]<\/a><\/p>\n<\/div>","protected":false},"author":1,"featured_media":0,"parent":0,"menu_order":0,"comment_status":"closed","ping_status":"closed","template":"","meta":{"footnotes":""},"class_list":["post-1","page","type-page","status-publish","hentry"],"_links":{"self":[{"href":"https:\/\/pyracanda.de\/index.php?rest_route=\/wp\/v2\/pages\/1","targetHints":{"allow":["GET"]}}],"collection":[{"href":"https:\/\/pyracanda.de\/index.php?rest_route=\/wp\/v2\/pages"}],"about":[{"href":"https:\/\/pyracanda.de\/index.php?rest_route=\/wp\/v2\/types\/page"}],"author":[{"embeddable":true,"href":"https:\/\/pyracanda.de\/index.php?rest_route=\/wp\/v2\/users\/1"}],"replies":[{"embeddable":true,"href":"https:\/\/pyracanda.de\/index.php?rest_route=%2Fwp%2Fv2%2Fcomments&post=1"}],"version-history":[{"count":11,"href":"https:\/\/pyracanda.de\/index.php?rest_route=\/wp\/v2\/pages\/1\/revisions"}],"predecessor-version":[{"id":571,"href":"https:\/\/pyracanda.de\/index.php?rest_route=\/wp\/v2\/pages\/1\/revisions\/571"}],"wp:attachment":[{"href":"https:\/\/pyracanda.de\/index.php?rest_route=%2Fwp%2Fv2%2Fmedia&parent=1"}],"curies":[{"name":"wp","href":"https:\/\/api.w.org\/{rel}","templated":true}]}}